{"id":2668,"date":"2020-06-24T10:18:05","date_gmt":"2020-06-24T08:18:05","guid":{"rendered":"https:\/\/mrjigs.nl\/?page_id=2668"},"modified":"2025-06-05T15:48:20","modified_gmt":"2025-06-05T13:48:20","slug":"about-mr-jigs","status":"publish","type":"page","link":"https:\/\/mrjigs.nl\/de\/about-mr-jigs\/","title":{"rendered":"\u00dcber MR Jigs"},"content":{"rendered":"<div data-elementor-type=\"wp-page\" data-elementor-id=\"2668\" class=\"elementor elementor-2668\" data-elementor-post-type=\"page\">\n\t\t\t\t\t\t<section class=\"elementor-section elementor-top-section elementor-element elementor-element-74d8e3b3 elementor-section-stretched elementor-section-content-middle elementor-section-full_width elementor-section-height-default elementor-section-height-default\" data-id=\"74d8e3b3\" data-element_type=\"section\" id=\"about\" data-settings=\"{&quot;stretch_section&quot;:&quot;section-stretched&quot;,&quot;background_background&quot;:&quot;classic&quot;}\">\n\t\t\t\t\t\t<div class=\"elementor-container elementor-column-gap-default\">\n\t\t\t\t\t<div class=\"elementor-column elementor-col-100 elementor-top-column elementor-element elementor-element-2cf16030\" data-id=\"2cf16030\" data-element_type=\"column\">\n\t\t\t<div class=\"elementor-widget-wrap elementor-element-populated\">\n\t\t\t\t\t\t<section class=\"elementor-section elementor-inner-section elementor-element elementor-element-cc29c09 elementor-section-content-middle elementor-section-full_width elementor-section-height-default elementor-section-height-default\" data-id=\"cc29c09\" data-element_type=\"section\">\n\t\t\t\t\t\t<div class=\"elementor-container elementor-column-gap-default\">\n\t\t\t\t\t<div class=\"elementor-column elementor-col-50 elementor-inner-column elementor-element elementor-element-6f563e50\" data-id=\"6f563e50\" data-element_type=\"column\" data-settings=\"{&quot;background_background&quot;:&quot;classic&quot;}\">\n\t\t\t<div class=\"elementor-widget-wrap elementor-element-populated\">\n\t\t\t\t\t<div class=\"elementor-background-overlay\"><\/div>\n\t\t\t\t\t\t<div class=\"elementor-element elementor-element-513aa8fc elementor-widget elementor-widget-text-editor\" data-id=\"513aa8fc\" data-element_type=\"widget\" data-widget_type=\"text-editor.default\">\n\t\t\t\t<div class=\"elementor-widget-container\">\n\t\t\t\t\t\t\t\t\t<p><strong>The Jigs Way<\/strong><\/p><p>Bei Mr Jigs balancieren wir gerne zwischen No Bullshit und unerwartetem Luxus.<br \/>Denn wer braucht ein Telefon in einem Hotelzimmer, wenn es WhatsApp gibt? Warum ein normales Bett haben, wenn Sie ein riesiges Bett mit weichen Kissen und Laken haben k\u00f6nnen? Alles in unserem Hotel ist so gestaltet, dass Sie zwischen Bullshit und unerwartetem Luxus w\u00e4hlen k\u00f6nnen, damit wir Ihnen alles bieten k\u00f6nnen, was Sie brauchen, aber besser.<br \/>Genie\u00dfen Sie die Einfachheit ohne Schei\u00dfe und \/ oder lassen Sie sich von unerwartetem Luxus \u00fcberraschen.\u00a0<\/p>\t\t\t\t\t\t\t\t<\/div>\n\t\t\t\t<\/div>\n\t\t\t\t\t<\/div>\n\t\t<\/div>\n\t\t\t\t<div class=\"elementor-column elementor-col-50 elementor-inner-column elementor-element elementor-element-c7a1eca\" data-id=\"c7a1eca\" data-element_type=\"column\" data-settings=\"{&quot;background_background&quot;:&quot;classic&quot;}\">\n\t\t\t<div class=\"elementor-widget-wrap elementor-element-populated\">\n\t\t\t\t\t<div class=\"elementor-background-overlay\"><\/div>\n\t\t\t\t\t\t<div class=\"elementor-element elementor-element-9356094 elementor-widget elementor-widget-gallery\" data-id=\"9356094\" data-element_type=\"widget\" data-settings=\"{&quot;columns&quot;:2,&quot;gap&quot;:{&quot;unit&quot;:&quot;px&quot;,&quot;size&quot;:0,&quot;sizes&quot;:[]},&quot;lazyload&quot;:&quot;yes&quot;,&quot;gallery_layout&quot;:&quot;grid&quot;,&quot;columns_tablet&quot;:2,&quot;columns_mobile&quot;:1,&quot;gap_tablet&quot;:{&quot;unit&quot;:&quot;px&quot;,&quot;size&quot;:10,&quot;sizes&quot;:[]},&quot;gap_mobile&quot;:{&quot;unit&quot;:&quot;px&quot;,&quot;size&quot;:10,&quot;sizes&quot;:[]},&quot;link_to&quot;:&quot;file&quot;,&quot;aspect_ratio&quot;:&quot;3:2&quot;,&quot;overlay_background&quot;:&quot;yes&quot;,&quot;content_hover_animation&quot;:&quot;fade-in&quot;}\" data-widget_type=\"gallery.default\">\n\t\t\t\t<div class=\"elementor-widget-container\">\n\t\t\t\t\t\t\t<div class=\"elementor-gallery__container\">\n\t\t\t\t\t\t\t<a class=\"e-gallery-item elementor-gallery-item elementor-animated-content\" href=\"https:\/\/mrjigs.nl\/wp-content\/uploads\/2021\/03\/mr-jigs.png\" data-elementor-open-lightbox=\"yes\" data-elementor-lightbox-slideshow=\"9356094\" data-elementor-lightbox-title=\"mr jigs\" data-e-action-hash=\"#elementor-action%3Aaction%3Dlightbox%26settings%3DeyJpZCI6MzgwNywidXJsIjoiaHR0cHM6XC9cL21yamlncy5ubFwvd3AtY29udGVudFwvdXBsb2Fkc1wvMjAyMVwvMDNcL21yLWppZ3MucG5nIiwic2xpZGVzaG93IjoiOTM1NjA5NCJ9\">\n\t\t\t\t\t<div class=\"e-gallery-image elementor-gallery-item__image\" data-thumbnail=\"https:\/\/mrjigs.nl\/wp-content\/uploads\/2021\/03\/mr-jigs-291x300.png\" data-width=\"291\" data-height=\"300\" aria-label=\"\" role=\"img\" ><\/div>\n\t\t\t\t\t\t\t\t\t\t\t<div class=\"elementor-gallery-item__overlay\"><\/div>\n\t\t\t\t\t\t\t\t\t\t\t\t\t\t<\/a>\n\t\t\t\t\t\t\t<a class=\"e-gallery-item elementor-gallery-item elementor-animated-content\" href=\"https:\/\/mrjigs.nl\/wp-content\/uploads\/2020\/12\/mrjigs-hotel-venlo-bar-venlo.jpg\" data-elementor-open-lightbox=\"yes\" data-elementor-lightbox-slideshow=\"9356094\" data-elementor-lightbox-title=\"mrjigs-hotel-venlo-bar-venlo.jpg\" data-e-action-hash=\"#elementor-action%3Aaction%3Dlightbox%26settings%3DeyJpZCI6MzczOCwidXJsIjoiaHR0cHM6XC9cL21yamlncy5ubFwvd3AtY29udGVudFwvdXBsb2Fkc1wvMjAyMFwvMTJcL21yamlncy1ob3RlbC12ZW5sby1iYXItdmVubG8uanBnIiwic2xpZGVzaG93IjoiOTM1NjA5NCJ9\">\n\t\t\t\t\t<div class=\"e-gallery-image elementor-gallery-item__image\" data-thumbnail=\"https:\/\/mrjigs.nl\/wp-content\/uploads\/2020\/12\/mrjigs-hotel-venlo-bar-venlo-300x200.jpg\" data-width=\"300\" data-height=\"200\" aria-label=\"\" role=\"img\" ><\/div>\n\t\t\t\t\t\t\t\t\t\t\t<div class=\"elementor-gallery-item__overlay\"><\/div>\n\t\t\t\t\t\t\t\t\t\t\t\t\t\t<\/a>\n\t\t\t\t\t\t\t<a class=\"e-gallery-item elementor-gallery-item elementor-animated-content\" href=\"https:\/\/mrjigs.nl\/wp-content\/uploads\/2020\/08\/Lobby-overview-receptie-bar-MJigs-210820-140-1.png\" data-elementor-open-lightbox=\"yes\" data-elementor-lightbox-slideshow=\"9356094\" data-elementor-lightbox-title=\"Lobby overview receptie bar MJigs 210820-140\" data-e-action-hash=\"#elementor-action%3Aaction%3Dlightbox%26settings%3DeyJpZCI6MzY3MiwidXJsIjoiaHR0cHM6XC9cL21yamlncy5ubFwvd3AtY29udGVudFwvdXBsb2Fkc1wvMjAyMFwvMDhcL0xvYmJ5LW92ZXJ2aWV3LXJlY2VwdGllLWJhci1NSmlncy0yMTA4MjAtMTQwLTEucG5nIiwic2xpZGVzaG93IjoiOTM1NjA5NCJ9\">\n\t\t\t\t\t<div class=\"e-gallery-image elementor-gallery-item__image\" data-thumbnail=\"https:\/\/mrjigs.nl\/wp-content\/uploads\/2020\/08\/Lobby-overview-receptie-bar-MJigs-210820-140-1-300x189.png\" data-width=\"300\" data-height=\"189\" aria-label=\"lobby-receptie-bar-cocktails-mr-jigs-venlo-hotel\" role=\"img\" ><\/div>\n\t\t\t\t\t\t\t\t\t\t\t<div class=\"elementor-gallery-item__overlay\"><\/div>\n\t\t\t\t\t\t\t\t\t\t\t\t\t\t<\/a>\n\t\t\t\t\t\t\t<a class=\"e-gallery-item elementor-gallery-item elementor-animated-content\" href=\"https:\/\/mrjigs.nl\/wp-content\/uploads\/2025\/06\/d451ae88-e453-4f87-8a38-ed1e1112f5fd-scaled.jpg\" data-elementor-open-lightbox=\"yes\" data-elementor-lightbox-slideshow=\"9356094\" data-elementor-lightbox-title=\"d451ae88-e453-4f87-8a38-ed1e1112f5fd\" data-e-action-hash=\"#elementor-action%3Aaction%3Dlightbox%26settings%3DeyJpZCI6NDAwOSwidXJsIjoiaHR0cHM6XC9cL21yamlncy5ubFwvd3AtY29udGVudFwvdXBsb2Fkc1wvMjAyNVwvMDZcL2Q0NTFhZTg4LWU0NTMtNGY4Ny04YTM4LWVkMWUxMTEyZjVmZC1zY2FsZWQuanBnIiwic2xpZGVzaG93IjoiOTM1NjA5NCJ9\">\n\t\t\t\t\t<div class=\"e-gallery-image elementor-gallery-item__image\" data-thumbnail=\"https:\/\/mrjigs.nl\/wp-content\/uploads\/2025\/06\/d451ae88-e453-4f87-8a38-ed1e1112f5fd-270x300.jpg\" data-width=\"270\" data-height=\"300\" aria-label=\"\" role=\"img\" ><\/div>\n\t\t\t\t\t\t\t\t\t\t\t<div class=\"elementor-gallery-item__overlay\"><\/div>\n\t\t\t\t\t\t\t\t\t\t\t\t\t\t<\/a>\n\t\t\t\t\t<\/div>\n\t\t\t\t\t<\/div>\n\t\t\t\t<\/div>\n\t\t\t\t\t<\/div>\n\t\t<\/div>\n\t\t\t\t\t<\/div>\n\t\t<\/section>\n\t\t\t\t\t<\/div>\n\t\t<\/div>\n\t\t\t\t\t<\/div>\n\t\t<\/section>\n\t\t\t\t<section class=\"elementor-section elementor-top-section elementor-element elementor-element-aadcaa5 elementor-section-stretched elementor-section-full_width elementor-section-height-default elementor-section-height-default\" data-id=\"aadcaa5\" data-element_type=\"section\" data-settings=\"{&quot;stretch_section&quot;:&quot;section-stretched&quot;}\">\n\t\t\t\t\t\t<div class=\"elementor-container elementor-column-gap-default\">\n\t\t\t\t\t<div class=\"elementor-column elementor-col-100 elementor-top-column elementor-element elementor-element-195dd95\" data-id=\"195dd95\" data-element_type=\"column\">\n\t\t\t<div class=\"elementor-widget-wrap elementor-element-populated\">\n\t\t\t\t\t\t<div class=\"elementor-element elementor-element-81fe0ac elementor-pagination-position-inside elementor-arrows-position-inside elementor-widget elementor-widget-image-carousel\" data-id=\"81fe0ac\" data-element_type=\"widget\" data-settings=\"{&quot;navigation&quot;:&quot;both&quot;,&quot;autoplay&quot;:&quot;yes&quot;,&quot;pause_on_hover&quot;:&quot;yes&quot;,&quot;pause_on_interaction&quot;:&quot;yes&quot;,&quot;autoplay_speed&quot;:5000,&quot;infinite&quot;:&quot;yes&quot;,&quot;speed&quot;:500}\" data-widget_type=\"image-carousel.default\">\n\t\t\t\t<div class=\"elementor-widget-container\">\n\t\t\t\t\t\t\t<div class=\"elementor-image-carousel-wrapper swiper\" role=\"region\" aria-roledescription=\"carousel\" aria-label=\"Image Carousel\" dir=\"ltr\">\n\t\t\t<div class=\"elementor-image-carousel swiper-wrapper\" aria-live=\"off\">\n\t\t\t\t\t\t\t\t<div class=\"swiper-slide\" role=\"group\" aria-roledescription=\"slide\" aria-label=\"1 of 10\"><figure class=\"swiper-slide-inner\"><img decoding=\"async\" class=\"swiper-slide-image\" src=\"https:\/\/mrjigs.nl\/wp-content\/uploads\/2020\/08\/Comfort-overview-geel-MJigs-210820-103-300x300.jpg\" alt=\"Comfort-kamer-mrjigs-venlo-hotel\" \/><\/figure><\/div><div class=\"swiper-slide\" role=\"group\" aria-roledescription=\"slide\" aria-label=\"2 of 10\"><figure class=\"swiper-slide-inner\"><img decoding=\"async\" class=\"swiper-slide-image\" src=\"https:\/\/mrjigs.nl\/wp-content\/uploads\/2020\/08\/Algemeen-detail-badkamer-geel-MJigs-210820-122-300x300.jpg\" alt=\"comfort-kamer-badkamer-mr-jigs-hotel-venlo\" \/><\/figure><\/div><div class=\"swiper-slide\" role=\"group\" aria-roledescription=\"slide\" aria-label=\"3 of 10\"><figure class=\"swiper-slide-inner\"><img decoding=\"async\" class=\"swiper-slide-image\" src=\"https:\/\/mrjigs.nl\/wp-content\/uploads\/2020\/08\/Deluxe-kamer-overview-MJigs-210820-015-300x300.jpg\" alt=\"Deluxe-kamer-mr-jigs-hotel-venlo\" \/><\/figure><\/div><div class=\"swiper-slide\" role=\"group\" aria-roledescription=\"slide\" aria-label=\"4 of 10\"><figure class=\"swiper-slide-inner\"><img decoding=\"async\" class=\"swiper-slide-image\" src=\"https:\/\/mrjigs.nl\/wp-content\/uploads\/2020\/08\/Suite-overview-verlichting-MJigs-210820-062-300x300.jpg\" alt=\"Suite-mrjigs-venlo-hotel-unexpectedluxury\" \/><\/figure><\/div><div class=\"swiper-slide\" role=\"group\" aria-roledescription=\"slide\" aria-label=\"5 of 10\"><figure class=\"swiper-slide-inner\"><img decoding=\"async\" class=\"swiper-slide-image\" src=\"https:\/\/mrjigs.nl\/wp-content\/uploads\/2020\/08\/Suite-overview-frontaal-MJigs-210820-067-300x300.jpg\" alt=\"badkamer-suite-mrjigs-hotel-venlo\" \/><\/figure><\/div><div class=\"swiper-slide\" role=\"group\" aria-roledescription=\"slide\" aria-label=\"6 of 10\"><figure class=\"swiper-slide-inner\"><img decoding=\"async\" class=\"swiper-slide-image\" src=\"https:\/\/mrjigs.nl\/wp-content\/uploads\/2020\/08\/Detail-ontbijt-MJigs-210820-148-300x300.jpg\" alt=\"ontbijt-mr-jigs-hotel-venlo-koffie-to-go-crossaint\" \/><\/figure><\/div><div class=\"swiper-slide\" role=\"group\" aria-roledescription=\"slide\" aria-label=\"7 of 10\"><figure class=\"swiper-slide-inner\"><img decoding=\"async\" class=\"swiper-slide-image\" src=\"https:\/\/mrjigs.nl\/wp-content\/uploads\/2020\/08\/Lobby-overview-Mr-Jigs-MJigs-210820-127-300x300.jpg\" alt=\"lobby-mr-jigs-venlo-hotel\" \/><\/figure><\/div><div class=\"swiper-slide\" role=\"group\" aria-roledescription=\"slide\" aria-label=\"8 of 10\"><figure class=\"swiper-slide-inner\"><img decoding=\"async\" class=\"swiper-slide-image\" src=\"https:\/\/mrjigs.nl\/wp-content\/uploads\/2020\/08\/Lobby-overview-receptie-bar-MJigs-210820-140-300x300.jpg\" alt=\"lobby-receptie-bar-cocktails-mr-jigs-venlo-hotel\" \/><\/figure><\/div><div class=\"swiper-slide\" role=\"group\" aria-roledescription=\"slide\" aria-label=\"9 of 10\"><figure class=\"swiper-slide-inner\"><img decoding=\"async\" class=\"swiper-slide-image\" src=\"https:\/\/mrjigs.nl\/wp-content\/uploads\/2025\/06\/50b4f45d-3c93-4c1e-9571-8e3f11d479db-300x300.jpg\" alt=\"50b4f45d-3c93-4c1e-9571-8e3f11d479db\" \/><\/figure><\/div><div class=\"swiper-slide\" role=\"group\" aria-roledescription=\"slide\" aria-label=\"10 of 10\"><figure class=\"swiper-slide-inner\"><img decoding=\"async\" class=\"swiper-slide-image\" src=\"https:\/\/mrjigs.nl\/wp-content\/uploads\/2025\/06\/d451ae88-e453-4f87-8a38-ed1e1112f5fd-300x300.jpg\" alt=\"d451ae88-e453-4f87-8a38-ed1e1112f5fd\" \/><\/figure><\/div>\t\t\t<\/div>\n\t\t\t\t\t\t\t\t\t\t\t\t<div class=\"elementor-swiper-button elementor-swiper-button-prev\" role=\"button\" tabindex=\"0\">\n\t\t\t\t\t\t<i aria-hidden=\"true\" class=\"eicon-chevron-left\"><\/i>\t\t\t\t\t<\/div>\n\t\t\t\t\t<div class=\"elementor-swiper-button elementor-swiper-button-next\" role=\"button\" tabindex=\"0\">\n\t\t\t\t\t\t<i aria-hidden=\"true\" class=\"eicon-chevron-right\"><\/i>\t\t\t\t\t<\/div>\n\t\t\t\t\n\t\t\t\t\t\t\t\t\t<div class=\"swiper-pagination\"><\/div>\n\t\t\t\t\t\t\t\t\t<\/div>\n\t\t\t\t\t\t<\/div>\n\t\t\t\t<\/div>\n\t\t\t\t\t<\/div>\n\t\t<\/div>\n\t\t\t\t\t<\/div>\n\t\t<\/section>\n\t\t\t\t<\/div>","protected":false},"excerpt":{"rendered":"<p>The Jigs way At Mr Jigs we like to balance between no bullshit and unexpected luxury.Because who needs a phone in a hotel room when there is WhatsApp? Why have a normal bed when you can have a giant bed with soft pillows and sheets? Everything in our hotel is designed by choosing between no [&hellip;]<\/p>","protected":false},"author":7,"featured_media":0,"parent":0,"menu_order":0,"comment_status":"closed","ping_status":"closed","template":"","meta":{"footnotes":"","_links_to":"","_links_to_target":""},"class_list":["post-2668","page","type-page","status-publish","hentry"],"yoast_head":"<!-- This site is optimized with the Yoast SEO plugin v26.3 - https:\/\/yoast.com\/wordpress\/plugins\/seo\/ -->\n<title>About Us | Mr. Jigs<\/title>\n<meta name=\"description\" content=\"Everything in our hotel is designed by choosing between no bullshit and unexpected luxury, so that we can offer you everything you need, but better.\" \/>\n<meta name=\"robots\" content=\"index, follow, max-snippet:-1, max-image-preview:large, max-video-preview:-1\" \/>\n<link rel=\"canonical\" href=\"https:\/\/mrjigs.nl\/de\/about-mr-jigs\/\" \/>\n<meta property=\"og:locale\" content=\"de_DE\" \/>\n<meta property=\"og:type\" content=\"article\" \/>\n<meta property=\"og:title\" content=\"About Us | Mr. Jigs\" \/>\n<meta property=\"og:description\" content=\"Everything in our hotel is designed by choosing between no bullshit and unexpected luxury, so that we can offer you everything you need, but better.\" \/>\n<meta property=\"og:url\" content=\"https:\/\/mrjigs.nl\/de\/about-mr-jigs\/\" \/>\n<meta property=\"og:site_name\" content=\"Mr Jigs\" \/>\n<meta property=\"article:modified_time\" content=\"2025-06-05T13:48:20+00:00\" \/>\n<meta property=\"og:image\" content=\"https:\/\/mrjigs.nl\/wp-content\/uploads\/2020\/08\/Comfort-overview-geel-MJigs-210820-103-300x300.jpg\" \/>\n<meta name=\"twitter:card\" content=\"summary_large_image\" \/>\n<meta name=\"twitter:label1\" content=\"Gesch\u00e4tzte Lesezeit\" \/>\n\t<meta name=\"twitter:data1\" content=\"4\u00a0Minuten\" \/>\n<script type=\"application\/ld+json\" class=\"yoast-schema-graph\">{\"@context\":\"https:\/\/schema.org\",\"@graph\":[{\"@type\":\"WebPage\",\"@id\":\"https:\/\/mrjigs.nl\/about-mr-jigs\/\",\"url\":\"https:\/\/mrjigs.nl\/about-mr-jigs\/\",\"name\":\"About Us | Mr. Jigs\",\"isPartOf\":{\"@id\":\"https:\/\/mrjigs.nl\/#website\"},\"primaryImageOfPage\":{\"@id\":\"https:\/\/mrjigs.nl\/about-mr-jigs\/#primaryimage\"},\"image\":{\"@id\":\"https:\/\/mrjigs.nl\/about-mr-jigs\/#primaryimage\"},\"thumbnailUrl\":\"https:\/\/mrjigs.nl\/wp-content\/uploads\/2020\/08\/Comfort-overview-geel-MJigs-210820-103-300x300.jpg\",\"datePublished\":\"2020-06-24T08:18:05+00:00\",\"dateModified\":\"2025-06-05T13:48:20+00:00\",\"description\":\"Everything in our hotel is designed by choosing between no bullshit and unexpected luxury, so that we can offer you everything you need, but better.\",\"breadcrumb\":{\"@id\":\"https:\/\/mrjigs.nl\/about-mr-jigs\/#breadcrumb\"},\"inLanguage\":\"de\",\"potentialAction\":[{\"@type\":\"ReadAction\",\"target\":[\"https:\/\/mrjigs.nl\/about-mr-jigs\/\"]}]},{\"@type\":\"ImageObject\",\"inLanguage\":\"de\",\"@id\":\"https:\/\/mrjigs.nl\/about-mr-jigs\/#primaryimage\",\"url\":\"https:\/\/mrjigs.nl\/wp-content\/uploads\/2020\/08\/Comfort-overview-geel-MJigs-210820-103-300x300.jpg\",\"contentUrl\":\"https:\/\/mrjigs.nl\/wp-content\/uploads\/2020\/08\/Comfort-overview-geel-MJigs-210820-103-300x300.jpg\"},{\"@type\":\"BreadcrumbList\",\"@id\":\"https:\/\/mrjigs.nl\/about-mr-jigs\/#breadcrumb\",\"itemListElement\":[{\"@type\":\"ListItem\",\"position\":1,\"name\":\"Home\",\"item\":\"https:\/\/mrjigs.nl\/\"},{\"@type\":\"ListItem\",\"position\":2,\"name\":\"About MR Jigs\"}]},{\"@type\":\"WebSite\",\"@id\":\"https:\/\/mrjigs.nl\/#website\",\"url\":\"https:\/\/mrjigs.nl\/\",\"name\":\"Mr Jigs\",\"description\":\"Hotel Venlo\",\"publisher\":{\"@id\":\"https:\/\/mrjigs.nl\/#organization\"},\"potentialAction\":[{\"@type\":\"SearchAction\",\"target\":{\"@type\":\"EntryPoint\",\"urlTemplate\":\"https:\/\/mrjigs.nl\/?s={search_term_string}\"},\"query-input\":{\"@type\":\"PropertyValueSpecification\",\"valueRequired\":true,\"valueName\":\"search_term_string\"}}],\"inLanguage\":\"de\"},{\"@type\":\"Organization\",\"@id\":\"https:\/\/mrjigs.nl\/#organization\",\"name\":\"Mr Jigs\",\"url\":\"https:\/\/mrjigs.nl\/\",\"logo\":{\"@type\":\"ImageObject\",\"inLanguage\":\"de\",\"@id\":\"https:\/\/mrjigs.nl\/#\/schema\/logo\/image\/\",\"url\":\"https:\/\/mrjigs.nl\/wp-content\/uploads\/2020\/06\/MRJIGS_Logo_300.png\",\"contentUrl\":\"https:\/\/mrjigs.nl\/wp-content\/uploads\/2020\/06\/MRJIGS_Logo_300.png\",\"width\":479,\"height\":301,\"caption\":\"Mr Jigs\"},\"image\":{\"@id\":\"https:\/\/mrjigs.nl\/#\/schema\/logo\/image\/\"}}]}<\/script>\n<!-- \/ Yoast SEO plugin. -->","yoast_head_json":{"title":"\u00dcber uns| Mr. Jigs","description":"Alles in unserem Hotel ist so gestaltet, dass Sie zwischen Bullshit und unerwartetem Luxus w\u00e4hlen k\u00f6nnen, damit wir Ihnen alles bieten k\u00f6nnen, was Sie brauchen, aber besser.","robots":{"index":"index","follow":"follow","max-snippet":"max-snippet:-1","max-image-preview":"max-image-preview:large","max-video-preview":"max-video-preview:-1"},"canonical":"https:\/\/mrjigs.nl\/de\/about-mr-jigs\/","og_locale":"de_DE","og_type":"article","og_title":"About Us | Mr. Jigs","og_description":"Everything in our hotel is designed by choosing between no bullshit and unexpected luxury, so that we can offer you everything you need, but better.","og_url":"https:\/\/mrjigs.nl\/de\/about-mr-jigs\/","og_site_name":"Mr Jigs","article_modified_time":"2025-06-05T13:48:20+00:00","og_image":[{"url":"https:\/\/mrjigs.nl\/wp-content\/uploads\/2020\/08\/Comfort-overview-geel-MJigs-210820-103-300x300.jpg","type":"","width":"","height":""}],"twitter_card":"summary_large_image","twitter_misc":{"Gesch\u00e4tzte Lesezeit":"4\u00a0Minuten"},"schema":{"@context":"https:\/\/schema.org","@graph":[{"@type":"WebPage","@id":"https:\/\/mrjigs.nl\/about-mr-jigs\/","url":"https:\/\/mrjigs.nl\/about-mr-jigs\/","name":"\u00dcber uns| Mr. Jigs","isPartOf":{"@id":"https:\/\/mrjigs.nl\/#website"},"primaryImageOfPage":{"@id":"https:\/\/mrjigs.nl\/about-mr-jigs\/#primaryimage"},"image":{"@id":"https:\/\/mrjigs.nl\/about-mr-jigs\/#primaryimage"},"thumbnailUrl":"https:\/\/mrjigs.nl\/wp-content\/uploads\/2020\/08\/Comfort-overview-geel-MJigs-210820-103-300x300.jpg","datePublished":"2020-06-24T08:18:05+00:00","dateModified":"2025-06-05T13:48:20+00:00","description":"Alles in unserem Hotel ist so gestaltet, dass Sie zwischen Bullshit und unerwartetem Luxus w\u00e4hlen k\u00f6nnen, damit wir Ihnen alles bieten k\u00f6nnen, was Sie brauchen, aber besser.","breadcrumb":{"@id":"https:\/\/mrjigs.nl\/about-mr-jigs\/#breadcrumb"},"inLanguage":"de","potentialAction":[{"@type":"ReadAction","target":["https:\/\/mrjigs.nl\/about-mr-jigs\/"]}]},{"@type":"ImageObject","inLanguage":"de","@id":"https:\/\/mrjigs.nl\/about-mr-jigs\/#primaryimage","url":"https:\/\/mrjigs.nl\/wp-content\/uploads\/2020\/08\/Comfort-overview-geel-MJigs-210820-103-300x300.jpg","contentUrl":"https:\/\/mrjigs.nl\/wp-content\/uploads\/2020\/08\/Comfort-overview-geel-MJigs-210820-103-300x300.jpg"},{"@type":"BreadcrumbList","@id":"https:\/\/mrjigs.nl\/about-mr-jigs\/#breadcrumb","itemListElement":[{"@type":"ListItem","position":1,"name":"Home","item":"https:\/\/mrjigs.nl\/"},{"@type":"ListItem","position":2,"name":"About MR Jigs"}]},{"@type":"WebSite","@id":"https:\/\/mrjigs.nl\/#website","url":"https:\/\/mrjigs.nl\/","name":"Mr Jigs","description":"Hotel Venlo","publisher":{"@id":"https:\/\/mrjigs.nl\/#organization"},"potentialAction":[{"@type":"SearchAction","target":{"@type":"EntryPoint","urlTemplate":"https:\/\/mrjigs.nl\/?s={search_term_string}"},"query-input":{"@type":"PropertyValueSpecification","valueRequired":true,"valueName":"search_term_string"}}],"inLanguage":"de"},{"@type":"Organization","@id":"https:\/\/mrjigs.nl\/#organization","name":"Mr Jigs","url":"https:\/\/mrjigs.nl\/","logo":{"@type":"ImageObject","inLanguage":"de","@id":"https:\/\/mrjigs.nl\/#\/schema\/logo\/image\/","url":"https:\/\/mrjigs.nl\/wp-content\/uploads\/2020\/06\/MRJIGS_Logo_300.png","contentUrl":"https:\/\/mrjigs.nl\/wp-content\/uploads\/2020\/06\/MRJIGS_Logo_300.png","width":479,"height":301,"caption":"Mr Jigs"},"image":{"@id":"https:\/\/mrjigs.nl\/#\/schema\/logo\/image\/"}}]}},"_links":{"self":[{"href":"https:\/\/mrjigs.nl\/de\/wp-json\/wp\/v2\/pages\/2668","targetHints":{"allow":["GET"]}}],"collection":[{"href":"https:\/\/mrjigs.nl\/de\/wp-json\/wp\/v2\/pages"}],"about":[{"href":"https:\/\/mrjigs.nl\/de\/wp-json\/wp\/v2\/types\/page"}],"author":[{"embeddable":true,"href":"https:\/\/mrjigs.nl\/de\/wp-json\/wp\/v2\/users\/7"}],"replies":[{"embeddable":true,"href":"https:\/\/mrjigs.nl\/de\/wp-json\/wp\/v2\/comments?post=2668"}],"version-history":[{"count":29,"href":"https:\/\/mrjigs.nl\/de\/wp-json\/wp\/v2\/pages\/2668\/revisions"}],"predecessor-version":[{"id":4027,"href":"https:\/\/mrjigs.nl\/de\/wp-json\/wp\/v2\/pages\/2668\/revisions\/4027"}],"wp:attachment":[{"href":"https:\/\/mrjigs.nl\/de\/wp-json\/wp\/v2\/media?parent=2668"}],"curies":[{"name":"wp","href":"https:\/\/api.w.org\/{rel}","templated":true}]}}