{"id":2656,"date":"2020-06-24T10:10:18","date_gmt":"2020-06-24T08:10:18","guid":{"rendered":"https:\/\/mrjigs.nl\/?page_id=2656"},"modified":"2025-11-26T10:26:23","modified_gmt":"2025-11-26T09:26:23","slug":"sippaint","status":"publish","type":"page","link":"https:\/\/mrjigs.nl\/de\/sippaint\/","title":{"rendered":"Sip &#038; Paint"},"content":{"rendered":"<div data-elementor-type=\"wp-page\" data-elementor-id=\"2656\" class=\"elementor elementor-2656\" data-elementor-post-type=\"page\">\n\t\t\t\t\t\t<section class=\"elementor-section elementor-top-section elementor-element elementor-element-ef885f7 elementor-section-stretched elementor-section-full_width elementor-section-height-default elementor-section-height-default\" data-id=\"ef885f7\" data-element_type=\"section\" data-settings=\"{&quot;stretch_section&quot;:&quot;section-stretched&quot;}\">\n\t\t\t\t\t\t<div class=\"elementor-container elementor-column-gap-default\">\n\t\t\t\t\t<div class=\"elementor-column elementor-col-100 elementor-top-column elementor-element elementor-element-9117dd0\" data-id=\"9117dd0\" data-element_type=\"column\" data-settings=\"{&quot;background_background&quot;:&quot;classic&quot;}\">\n\t\t\t<div class=\"elementor-widget-wrap elementor-element-populated\">\n\t\t\t\t\t<div class=\"elementor-background-overlay\"><\/div>\n\t\t\t\t\t\t<div class=\"elementor-element elementor-element-64dba01 elementor-widget elementor-widget-heading\" data-id=\"64dba01\" data-element_type=\"widget\" data-widget_type=\"heading.default\">\n\t\t\t\t<div class=\"elementor-widget-container\">\n\t\t\t\t\t<h1 class=\"elementor-heading-title elementor-size-default\">Sip &amp; Paint<\/h1>\t\t\t\t<\/div>\n\t\t\t\t<\/div>\n\t\t\t\t<div class=\"elementor-element elementor-element-54e84fc elementor-widget elementor-widget-text-editor\" data-id=\"54e84fc\" data-element_type=\"widget\" data-widget_type=\"text-editor.default\">\n\t\t\t\t<div class=\"elementor-widget-container\">\n\t\t\t\t\t\t\t\t\t<p>MR JIGS<\/p>\t\t\t\t\t\t\t\t<\/div>\n\t\t\t\t<\/div>\n\t\t\t\t<div class=\"elementor-element elementor-element-e978ab0 elementor-widget elementor-widget-text-editor\" data-id=\"e978ab0\" data-element_type=\"widget\" data-widget_type=\"text-editor.default\">\n\t\t\t\t<div class=\"elementor-widget-container\">\n\t\t\t\t\t\t\t\t\t<p>Time to discover your inner artist!\u00a0\u00a0\ud83c\udfa8\ud83c\udf77<\/p><p>During Sip &amp; Paint, you will transform an object of your choice into a true work of art while enjoying delicious cocktails and tasty bites.<\/p><p>Being creative has never been so much fun!<\/p><p>Welcome drink | 2 cocktails per person | painting object | painting supplies<\/p><p>\u00a0<\/p><p>Wineglass \u20ac37.50 per person<\/p><p>Mug \u20ac37.50 per person<\/p><p>Snack platter \u20ac45,00 per person<\/p><p>\u00a0<\/p><p>Make your reservation via: \u2709\ufe0f reserveren@mrjigs.nl<\/p>\t\t\t\t\t\t\t\t<\/div>\n\t\t\t\t<\/div>\n\t\t\t\t\t<\/div>\n\t\t<\/div>\n\t\t\t\t\t<\/div>\n\t\t<\/section>\n\t\t\t\t<section class=\"elementor-section elementor-top-section elementor-element elementor-element-3db2026 elementor-section-boxed elementor-section-height-default elementor-section-height-default\" data-id=\"3db2026\" data-element_type=\"section\">\n\t\t\t\t\t\t<div class=\"elementor-container elementor-column-gap-default\">\n\t\t\t\t\t<div class=\"elementor-column elementor-col-33 elementor-top-column elementor-element elementor-element-b573158\" data-id=\"b573158\" data-element_type=\"column\">\n\t\t\t<div class=\"elementor-widget-wrap elementor-element-populated\">\n\t\t\t\t\t\t<div class=\"elementor-element elementor-element-7f04ab3 elementor-widget elementor-widget-image\" data-id=\"7f04ab3\" data-element_type=\"widget\" data-widget_type=\"image.default\">\n\t\t\t\t<div class=\"elementor-widget-container\">\n\t\t\t\t\t\t\t\t\t\t\t\t\t\t\t<img fetchpriority=\"high\" decoding=\"async\" width=\"800\" height=\"988\" src=\"https:\/\/mrjigs.nl\/wp-content\/uploads\/2025\/06\/a2ef9925-a6a0-4d72-b292-66430630907c-829x1024.jpg\" class=\"attachment-large size-large wp-image-4007\" alt=\"\" srcset=\"https:\/\/mrjigs.nl\/wp-content\/uploads\/2025\/06\/a2ef9925-a6a0-4d72-b292-66430630907c-829x1024.jpg 829w, https:\/\/mrjigs.nl\/wp-content\/uploads\/2025\/06\/a2ef9925-a6a0-4d72-b292-66430630907c-243x300.jpg 243w, https:\/\/mrjigs.nl\/wp-content\/uploads\/2025\/06\/a2ef9925-a6a0-4d72-b292-66430630907c-768x949.jpg 768w, https:\/\/mrjigs.nl\/wp-content\/uploads\/2025\/06\/a2ef9925-a6a0-4d72-b292-66430630907c-1244x1536.jpg 1244w, https:\/\/mrjigs.nl\/wp-content\/uploads\/2025\/06\/a2ef9925-a6a0-4d72-b292-66430630907c-1658x2048.jpg 1658w, https:\/\/mrjigs.nl\/wp-content\/uploads\/2025\/06\/a2ef9925-a6a0-4d72-b292-66430630907c-10x12.jpg 10w, https:\/\/mrjigs.nl\/wp-content\/uploads\/2025\/06\/a2ef9925-a6a0-4d72-b292-66430630907c-600x741.jpg 600w\" sizes=\"(max-width: 800px) 100vw, 800px\" \/>\t\t\t\t\t\t\t\t\t\t\t\t\t\t\t<\/div>\n\t\t\t\t<\/div>\n\t\t\t\t\t<\/div>\n\t\t<\/div>\n\t\t\t\t<div class=\"elementor-column elementor-col-33 elementor-top-column elementor-element elementor-element-cd39a95\" data-id=\"cd39a95\" data-element_type=\"column\">\n\t\t\t<div class=\"elementor-widget-wrap elementor-element-populated\">\n\t\t\t\t\t\t<div class=\"elementor-element elementor-element-5586a89 elementor-widget elementor-widget-image\" data-id=\"5586a89\" data-element_type=\"widget\" data-widget_type=\"image.default\">\n\t\t\t\t<div class=\"elementor-widget-container\">\n\t\t\t\t\t\t\t\t\t\t\t\t\t\t\t<img decoding=\"async\" width=\"800\" height=\"889\" src=\"https:\/\/mrjigs.nl\/wp-content\/uploads\/2025\/06\/d451ae88-e453-4f87-8a38-ed1e1112f5fd-922x1024.jpg\" class=\"attachment-large size-large wp-image-4009\" alt=\"\" srcset=\"https:\/\/mrjigs.nl\/wp-content\/uploads\/2025\/06\/d451ae88-e453-4f87-8a38-ed1e1112f5fd-922x1024.jpg 922w, https:\/\/mrjigs.nl\/wp-content\/uploads\/2025\/06\/d451ae88-e453-4f87-8a38-ed1e1112f5fd-270x300.jpg 270w, https:\/\/mrjigs.nl\/wp-content\/uploads\/2025\/06\/d451ae88-e453-4f87-8a38-ed1e1112f5fd-768x853.jpg 768w, https:\/\/mrjigs.nl\/wp-content\/uploads\/2025\/06\/d451ae88-e453-4f87-8a38-ed1e1112f5fd-1382x1536.jpg 1382w, https:\/\/mrjigs.nl\/wp-content\/uploads\/2025\/06\/d451ae88-e453-4f87-8a38-ed1e1112f5fd-1843x2048.jpg 1843w, https:\/\/mrjigs.nl\/wp-content\/uploads\/2025\/06\/d451ae88-e453-4f87-8a38-ed1e1112f5fd-11x12.jpg 11w, https:\/\/mrjigs.nl\/wp-content\/uploads\/2025\/06\/d451ae88-e453-4f87-8a38-ed1e1112f5fd-600x667.jpg 600w\" sizes=\"(max-width: 800px) 100vw, 800px\" \/>\t\t\t\t\t\t\t\t\t\t\t\t\t\t\t<\/div>\n\t\t\t\t<\/div>\n\t\t\t\t<div class=\"elementor-element elementor-element-e74112f elementor-widget elementor-widget-image\" data-id=\"e74112f\" data-element_type=\"widget\" data-widget_type=\"image.default\">\n\t\t\t\t<div class=\"elementor-widget-container\">\n\t\t\t\t\t\t\t\t\t\t\t\t\t\t\t<img decoding=\"async\" width=\"768\" height=\"1024\" src=\"https:\/\/mrjigs.nl\/wp-content\/uploads\/2025\/06\/50b4f45d-3c93-4c1e-9571-8e3f11d479db-768x1024.jpg\" class=\"attachment-large size-large wp-image-4010\" alt=\"\" srcset=\"https:\/\/mrjigs.nl\/wp-content\/uploads\/2025\/06\/50b4f45d-3c93-4c1e-9571-8e3f11d479db-768x1024.jpg 768w, https:\/\/mrjigs.nl\/wp-content\/uploads\/2025\/06\/50b4f45d-3c93-4c1e-9571-8e3f11d479db-225x300.jpg 225w, https:\/\/mrjigs.nl\/wp-content\/uploads\/2025\/06\/50b4f45d-3c93-4c1e-9571-8e3f11d479db-1152x1536.jpg 1152w, https:\/\/mrjigs.nl\/wp-content\/uploads\/2025\/06\/50b4f45d-3c93-4c1e-9571-8e3f11d479db-1536x2048.jpg 1536w, https:\/\/mrjigs.nl\/wp-content\/uploads\/2025\/06\/50b4f45d-3c93-4c1e-9571-8e3f11d479db-9x12.jpg 9w, https:\/\/mrjigs.nl\/wp-content\/uploads\/2025\/06\/50b4f45d-3c93-4c1e-9571-8e3f11d479db-600x800.jpg 600w, https:\/\/mrjigs.nl\/wp-content\/uploads\/2025\/06\/50b4f45d-3c93-4c1e-9571-8e3f11d479db-scaled.jpg 1920w\" sizes=\"(max-width: 768px) 100vw, 768px\" \/>\t\t\t\t\t\t\t\t\t\t\t\t\t\t\t<\/div>\n\t\t\t\t<\/div>\n\t\t\t\t\t<\/div>\n\t\t<\/div>\n\t\t\t\t<div class=\"elementor-column elementor-col-33 elementor-top-column elementor-element elementor-element-25b57ea\" data-id=\"25b57ea\" data-element_type=\"column\">\n\t\t\t<div class=\"elementor-widget-wrap elementor-element-populated\">\n\t\t\t\t\t\t<div class=\"elementor-element elementor-element-ffdb6fd elementor-widget elementor-widget-image\" data-id=\"ffdb6fd\" data-element_type=\"widget\" data-widget_type=\"image.default\">\n\t\t\t\t<div class=\"elementor-widget-container\">\n\t\t\t\t\t\t\t\t\t\t\t\t\t\t\t<img loading=\"lazy\" decoding=\"async\" width=\"1152\" height=\"1536\" src=\"https:\/\/mrjigs.nl\/wp-content\/uploads\/2025\/06\/a4f5dbd5-602b-4906-bf3d-4f4b1f03c5a3-1152x1536.jpg\" class=\"attachment-1536x1536 size-1536x1536 wp-image-4008\" alt=\"\" srcset=\"https:\/\/mrjigs.nl\/wp-content\/uploads\/2025\/06\/a4f5dbd5-602b-4906-bf3d-4f4b1f03c5a3-1152x1536.jpg 1152w, https:\/\/mrjigs.nl\/wp-content\/uploads\/2025\/06\/a4f5dbd5-602b-4906-bf3d-4f4b1f03c5a3-225x300.jpg 225w, https:\/\/mrjigs.nl\/wp-content\/uploads\/2025\/06\/a4f5dbd5-602b-4906-bf3d-4f4b1f03c5a3-768x1024.jpg 768w, https:\/\/mrjigs.nl\/wp-content\/uploads\/2025\/06\/a4f5dbd5-602b-4906-bf3d-4f4b1f03c5a3-1536x2048.jpg 1536w, https:\/\/mrjigs.nl\/wp-content\/uploads\/2025\/06\/a4f5dbd5-602b-4906-bf3d-4f4b1f03c5a3-9x12.jpg 9w, https:\/\/mrjigs.nl\/wp-content\/uploads\/2025\/06\/a4f5dbd5-602b-4906-bf3d-4f4b1f03c5a3-600x800.jpg 600w, https:\/\/mrjigs.nl\/wp-content\/uploads\/2025\/06\/a4f5dbd5-602b-4906-bf3d-4f4b1f03c5a3-scaled.jpg 1920w\" sizes=\"(max-width: 1152px) 100vw, 1152px\" \/>\t\t\t\t\t\t\t\t\t\t\t\t\t\t\t<\/div>\n\t\t\t\t<\/div>\n\t\t\t\t\t<\/div>\n\t\t<\/div>\n\t\t\t\t\t<\/div>\n\t\t<\/section>\n\t\t\t\t<\/div>","protected":false},"excerpt":{"rendered":"<p>Sip &amp; Paint MR JIGS Time to discover your inner artist!\u00a0\u00a0\ud83c\udfa8\ud83c\udf77 During Sip &amp; Paint, you will transform an object of your choice into a true work of art while enjoying delicious cocktails and tasty bites. Being creative has never been so much fun! Welcome drink | 2 cocktails per person | painting object | [&hellip;]<\/p>","protected":false},"author":7,"featured_media":0,"parent":0,"menu_order":0,"comment_status":"closed","ping_status":"closed","template":"","meta":{"footnotes":"","_links_to":"","_links_to_target":""},"class_list":["post-2656","page","type-page","status-publish","hentry"],"yoast_head":"<!-- This site is optimized with the Yoast SEO plugin v26.3 - https:\/\/yoast.com\/wordpress\/plugins\/seo\/ -->\n<title>Hotspots | Mr. Jigs<\/title>\n<meta name=\"description\" content=\"Venlo has some hidden gems, fortunately we know where to find them. So get out of bed and discover what our beautiful city has to offer.\" \/>\n<meta name=\"robots\" content=\"index, follow, max-snippet:-1, max-image-preview:large, max-video-preview:-1\" \/>\n<link rel=\"canonical\" href=\"https:\/\/mrjigs.nl\/de\/sippaint\/\" \/>\n<meta property=\"og:locale\" content=\"de_DE\" \/>\n<meta property=\"og:type\" content=\"article\" \/>\n<meta property=\"og:title\" content=\"Hotspots | Mr. Jigs\" \/>\n<meta property=\"og:description\" content=\"Venlo has some hidden gems, fortunately we know where to find them. So get out of bed and discover what our beautiful city has to offer.\" \/>\n<meta property=\"og:url\" content=\"https:\/\/mrjigs.nl\/de\/sippaint\/\" \/>\n<meta property=\"og:site_name\" content=\"Mr Jigs\" \/>\n<meta property=\"article:modified_time\" content=\"2025-11-26T09:26:23+00:00\" \/>\n<meta property=\"og:image\" content=\"https:\/\/mrjigs.nl\/wp-content\/uploads\/2025\/06\/a2ef9925-a6a0-4d72-b292-66430630907c-scaled.jpg\" \/>\n\t<meta property=\"og:image:width\" content=\"2073\" \/>\n\t<meta property=\"og:image:height\" content=\"2560\" \/>\n\t<meta property=\"og:image:type\" content=\"image\/jpeg\" \/>\n<meta name=\"twitter:card\" content=\"summary_large_image\" \/>\n<meta name=\"twitter:label1\" content=\"Gesch\u00e4tzte Lesezeit\" \/>\n\t<meta name=\"twitter:data1\" content=\"2\u00a0Minuten\" \/>\n<script type=\"application\/ld+json\" class=\"yoast-schema-graph\">{\"@context\":\"https:\/\/schema.org\",\"@graph\":[{\"@type\":\"WebPage\",\"@id\":\"https:\/\/mrjigs.nl\/sippaint\/\",\"url\":\"https:\/\/mrjigs.nl\/sippaint\/\",\"name\":\"Hotspots | Mr. Jigs\",\"isPartOf\":{\"@id\":\"https:\/\/mrjigs.nl\/#website\"},\"primaryImageOfPage\":{\"@id\":\"https:\/\/mrjigs.nl\/sippaint\/#primaryimage\"},\"image\":{\"@id\":\"https:\/\/mrjigs.nl\/sippaint\/#primaryimage\"},\"thumbnailUrl\":\"https:\/\/mrjigs.nl\/wp-content\/uploads\/2025\/06\/a2ef9925-a6a0-4d72-b292-66430630907c-829x1024.jpg\",\"datePublished\":\"2020-06-24T08:10:18+00:00\",\"dateModified\":\"2025-11-26T09:26:23+00:00\",\"description\":\"Venlo has some hidden gems, fortunately we know where to find them. So get out of bed and discover what our beautiful city has to offer.\",\"breadcrumb\":{\"@id\":\"https:\/\/mrjigs.nl\/sippaint\/#breadcrumb\"},\"inLanguage\":\"de\",\"potentialAction\":[{\"@type\":\"ReadAction\",\"target\":[\"https:\/\/mrjigs.nl\/sippaint\/\"]}]},{\"@type\":\"ImageObject\",\"inLanguage\":\"de\",\"@id\":\"https:\/\/mrjigs.nl\/sippaint\/#primaryimage\",\"url\":\"https:\/\/mrjigs.nl\/wp-content\/uploads\/2025\/06\/a2ef9925-a6a0-4d72-b292-66430630907c-829x1024.jpg\",\"contentUrl\":\"https:\/\/mrjigs.nl\/wp-content\/uploads\/2025\/06\/a2ef9925-a6a0-4d72-b292-66430630907c-829x1024.jpg\"},{\"@type\":\"BreadcrumbList\",\"@id\":\"https:\/\/mrjigs.nl\/sippaint\/#breadcrumb\",\"itemListElement\":[{\"@type\":\"ListItem\",\"position\":1,\"name\":\"Home\",\"item\":\"https:\/\/mrjigs.nl\/\"},{\"@type\":\"ListItem\",\"position\":2,\"name\":\"Sip &#038; Paint\"}]},{\"@type\":\"WebSite\",\"@id\":\"https:\/\/mrjigs.nl\/#website\",\"url\":\"https:\/\/mrjigs.nl\/\",\"name\":\"Mr Jigs\",\"description\":\"Hotel Venlo\",\"publisher\":{\"@id\":\"https:\/\/mrjigs.nl\/#organization\"},\"potentialAction\":[{\"@type\":\"SearchAction\",\"target\":{\"@type\":\"EntryPoint\",\"urlTemplate\":\"https:\/\/mrjigs.nl\/?s={search_term_string}\"},\"query-input\":{\"@type\":\"PropertyValueSpecification\",\"valueRequired\":true,\"valueName\":\"search_term_string\"}}],\"inLanguage\":\"de\"},{\"@type\":\"Organization\",\"@id\":\"https:\/\/mrjigs.nl\/#organization\",\"name\":\"Mr Jigs\",\"url\":\"https:\/\/mrjigs.nl\/\",\"logo\":{\"@type\":\"ImageObject\",\"inLanguage\":\"de\",\"@id\":\"https:\/\/mrjigs.nl\/#\/schema\/logo\/image\/\",\"url\":\"https:\/\/mrjigs.nl\/wp-content\/uploads\/2020\/06\/MRJIGS_Logo_300.png\",\"contentUrl\":\"https:\/\/mrjigs.nl\/wp-content\/uploads\/2020\/06\/MRJIGS_Logo_300.png\",\"width\":479,\"height\":301,\"caption\":\"Mr Jigs\"},\"image\":{\"@id\":\"https:\/\/mrjigs.nl\/#\/schema\/logo\/image\/\"}}]}<\/script>\n<!-- \/ Yoast SEO plugin. -->","yoast_head_json":{"title":"Hotspots | Mr. Jigs","description":"Venlo hat einige versteckte Juwelen, zum Gl\u00fcck wissen wir, wo wir sie finden k\u00f6nnen. Raus aus dem Bett und entdecken, was unsere sch\u00f6ne Stadt zu bieten hat.","robots":{"index":"index","follow":"follow","max-snippet":"max-snippet:-1","max-image-preview":"max-image-preview:large","max-video-preview":"max-video-preview:-1"},"canonical":"https:\/\/mrjigs.nl\/de\/sippaint\/","og_locale":"de_DE","og_type":"article","og_title":"Hotspots | Mr. Jigs","og_description":"Venlo has some hidden gems, fortunately we know where to find them. So get out of bed and discover what our beautiful city has to offer.","og_url":"https:\/\/mrjigs.nl\/de\/sippaint\/","og_site_name":"Mr Jigs","article_modified_time":"2025-11-26T09:26:23+00:00","og_image":[{"width":2073,"height":2560,"url":"https:\/\/mrjigs.nl\/wp-content\/uploads\/2025\/06\/a2ef9925-a6a0-4d72-b292-66430630907c-scaled.jpg","type":"image\/jpeg"}],"twitter_card":"summary_large_image","twitter_misc":{"Gesch\u00e4tzte Lesezeit":"2\u00a0Minuten"},"schema":{"@context":"https:\/\/schema.org","@graph":[{"@type":"WebPage","@id":"https:\/\/mrjigs.nl\/sippaint\/","url":"https:\/\/mrjigs.nl\/sippaint\/","name":"Hotspots | Mr. Jigs","isPartOf":{"@id":"https:\/\/mrjigs.nl\/#website"},"primaryImageOfPage":{"@id":"https:\/\/mrjigs.nl\/sippaint\/#primaryimage"},"image":{"@id":"https:\/\/mrjigs.nl\/sippaint\/#primaryimage"},"thumbnailUrl":"https:\/\/mrjigs.nl\/wp-content\/uploads\/2025\/06\/a2ef9925-a6a0-4d72-b292-66430630907c-829x1024.jpg","datePublished":"2020-06-24T08:10:18+00:00","dateModified":"2025-11-26T09:26:23+00:00","description":"Venlo hat einige versteckte Juwelen, zum Gl\u00fcck wissen wir, wo wir sie finden k\u00f6nnen. Raus aus dem Bett und entdecken, was unsere sch\u00f6ne Stadt zu bieten hat.","breadcrumb":{"@id":"https:\/\/mrjigs.nl\/sippaint\/#breadcrumb"},"inLanguage":"de","potentialAction":[{"@type":"ReadAction","target":["https:\/\/mrjigs.nl\/sippaint\/"]}]},{"@type":"ImageObject","inLanguage":"de","@id":"https:\/\/mrjigs.nl\/sippaint\/#primaryimage","url":"https:\/\/mrjigs.nl\/wp-content\/uploads\/2025\/06\/a2ef9925-a6a0-4d72-b292-66430630907c-829x1024.jpg","contentUrl":"https:\/\/mrjigs.nl\/wp-content\/uploads\/2025\/06\/a2ef9925-a6a0-4d72-b292-66430630907c-829x1024.jpg"},{"@type":"BreadcrumbList","@id":"https:\/\/mrjigs.nl\/sippaint\/#breadcrumb","itemListElement":[{"@type":"ListItem","position":1,"name":"Home","item":"https:\/\/mrjigs.nl\/"},{"@type":"ListItem","position":2,"name":"Sip &#038; Paint"}]},{"@type":"WebSite","@id":"https:\/\/mrjigs.nl\/#website","url":"https:\/\/mrjigs.nl\/","name":"Mr Jigs","description":"Hotel Venlo","publisher":{"@id":"https:\/\/mrjigs.nl\/#organization"},"potentialAction":[{"@type":"SearchAction","target":{"@type":"EntryPoint","urlTemplate":"https:\/\/mrjigs.nl\/?s={search_term_string}"},"query-input":{"@type":"PropertyValueSpecification","valueRequired":true,"valueName":"search_term_string"}}],"inLanguage":"de"},{"@type":"Organization","@id":"https:\/\/mrjigs.nl\/#organization","name":"Mr Jigs","url":"https:\/\/mrjigs.nl\/","logo":{"@type":"ImageObject","inLanguage":"de","@id":"https:\/\/mrjigs.nl\/#\/schema\/logo\/image\/","url":"https:\/\/mrjigs.nl\/wp-content\/uploads\/2020\/06\/MRJIGS_Logo_300.png","contentUrl":"https:\/\/mrjigs.nl\/wp-content\/uploads\/2020\/06\/MRJIGS_Logo_300.png","width":479,"height":301,"caption":"Mr Jigs"},"image":{"@id":"https:\/\/mrjigs.nl\/#\/schema\/logo\/image\/"}}]}},"_links":{"self":[{"href":"https:\/\/mrjigs.nl\/de\/wp-json\/wp\/v2\/pages\/2656","targetHints":{"allow":["GET"]}}],"collection":[{"href":"https:\/\/mrjigs.nl\/de\/wp-json\/wp\/v2\/pages"}],"about":[{"href":"https:\/\/mrjigs.nl\/de\/wp-json\/wp\/v2\/types\/page"}],"author":[{"embeddable":true,"href":"https:\/\/mrjigs.nl\/de\/wp-json\/wp\/v2\/users\/7"}],"replies":[{"embeddable":true,"href":"https:\/\/mrjigs.nl\/de\/wp-json\/wp\/v2\/comments?post=2656"}],"version-history":[{"count":34,"href":"https:\/\/mrjigs.nl\/de\/wp-json\/wp\/v2\/pages\/2656\/revisions"}],"predecessor-version":[{"id":4062,"href":"https:\/\/mrjigs.nl\/de\/wp-json\/wp\/v2\/pages\/2656\/revisions\/4062"}],"wp:attachment":[{"href":"https:\/\/mrjigs.nl\/de\/wp-json\/wp\/v2\/media?parent=2656"}],"curies":[{"name":"wp","href":"https:\/\/api.w.org\/{rel}","templated":true}]}}